{"id":10227,"date":"2018-06-22T17:46:20","date_gmt":"2018-06-22T17:46:20","guid":{"rendered":"https:\/\/upperinc.com\/previews\/wp\/skudo\/corporate-contents\/?page_id=10227"},"modified":"2023-01-17T19:06:48","modified_gmt":"2023-01-17T19:06:48","slug":"contactos","status":"publish","type":"page","link":"https:\/\/www.argemela.pt\/portal\/pages\/contactos\/","title":{"rendered":"Contactos"},"content":{"rendered":"<p>[vc_row css=&#8221;.vc_custom_1528471507622{padding-top: 80px !important;padding-bottom: 80px !important;}&#8221;][vc_column width=&#8221;1\/3&#8243;][vc_custom_heading text=&#8221;CONTACTE-NOS&#8221; font_container=&#8221;tag:h4|text_align:left&#8221; use_theme_fonts=&#8221;yes&#8221;][vc_empty_space height=&#8221;10px&#8221;][vc_column_text]Entre em contacto connosco atrav\u00e9s do formul\u00e1rio de contato abaixo ou venha visitar nosso centro de interpreta\u00e7\u00e3o, no Barco &#8211; Covilh\u00e3[\/vc_column_text][vc_empty_space height=&#8221;20px&#8221;]\n<div class=\"wpcf7 no-js\" id=\"wpcf7-f9030-o1\" lang=\"en-US\" dir=\"ltr\">\n<div class=\"screen-reader-response\"><p role=\"status\" aria-live=\"polite\" aria-atomic=\"true\"><\/p> <ul><\/ul><\/div>\n<form action=\"\/portal\/wp-json\/wp\/v2\/pages\/10227#wpcf7-f9030-o1\" method=\"post\" class=\"wpcf7-form init demo\" aria-label=\"Contact form\" novalidate=\"novalidate\" data-status=\"init\">\n<div style=\"display: none;\">\n<input type=\"hidden\" name=\"_wpcf7\" value=\"9030\" \/>\n<input type=\"hidden\" name=\"_wpcf7_version\" value=\"5.8.7\" \/>\n<input type=\"hidden\" name=\"_wpcf7_locale\" value=\"en_US\" \/>\n<input type=\"hidden\" name=\"_wpcf7_unit_tag\" value=\"wpcf7-f9030-o1\" \/>\n<input type=\"hidden\" name=\"_wpcf7_container_post\" value=\"0\" \/>\n<input type=\"hidden\" name=\"_wpcf7_posted_data_hash\" value=\"\" \/>\n<\/div>\n<div class=\"skudo-form-simple-wide style2\">\n\t<div class=\"f-name\">\n\t\t<p><span class=\"wpcf7-form-control-wrap\" data-name=\"your-name\"><input size=\"40\" class=\"wpcf7-form-control wpcf7-text wpcf7-validates-as-required\" aria-required=\"true\" aria-invalid=\"false\" placeholder=\"Nome *\" value=\"\" type=\"text\" name=\"your-name\" \/><\/span>\n\t\t<\/p>\n\t<\/div>\n\t<div class=\"f-email\">\n\t\t<p><span class=\"wpcf7-form-control-wrap\" data-name=\"your-email\"><input size=\"40\" class=\"wpcf7-form-control wpcf7-email wpcf7-validates-as-required wpcf7-text wpcf7-validates-as-email\" aria-required=\"true\" aria-invalid=\"false\" placeholder=\"Email *\" value=\"\" type=\"email\" name=\"your-email\" \/><\/span>\n\t\t<\/p>\n\t<\/div>\n\t<div class=\"f-message\">\n\t\t<p><span class=\"wpcf7-form-control-wrap\" data-name=\"your-message\"><textarea cols=\"40\" rows=\"10\" class=\"wpcf7-form-control wpcf7-textarea wpcf7-validates-as-required\" aria-required=\"true\" aria-invalid=\"false\" placeholder=\"Mensagem *\" name=\"your-message\"><\/textarea><\/span>\n\t\t<\/p>\n\t<\/div>\n\t<div class=\"bt-contact\">\n\t\t<p><a class=\"btn-contact-left\"  href=\"javascript:;\"><input class=\"wpcf7-form-control wpcf7-submit has-spinner\" type=\"submit\" value=\"ENVIAR\" \/><\/a>\n\t\t<\/p>\n\t<\/div>\n<\/div><p style=\"display: none !important;\"><label>&#916;<textarea name=\"_wpcf7_ak_hp_textarea\" cols=\"45\" rows=\"8\" maxlength=\"100\"><\/textarea><\/label><input type=\"hidden\" id=\"ak_js_1\" name=\"_wpcf7_ak_js\" value=\"99\"\/><script>document.getElementById( \"ak_js_1\" ).setAttribute( \"value\", ( new Date() ).getTime() );<\/script><\/p><div class=\"wpcf7-response-output\" aria-hidden=\"true\"><\/div>\n<\/form>\n<\/div>\n[\/vc_column][vc_column width=&#8221;2\/3&#8243; el_class=&#8221;box-paddingl&#8221;][vc_empty_space height=&#8221;10px&#8221;]<div class=\"ult-spacer spacer-69f5a6baf17fa\" data-id=\"69f5a6baf17fa\" data-height=\"0\" data-height-mobile=\"40\" data-height-tab=\"\" data-height-tab-portrait=\"\" data-height-mobile-landscape=\"40\" style=\"clear:both;display:block;\"><\/div>[vc_gmaps link=&#8221;#E-8_JTNDaWZyYW1lJTIwc3JjJTNEJTIyaHR0cHMlM0ElMkYlMkZ3d3cuZ29vZ2xlLmNvbSUyRm1hcHMlMkZlbWJlZCUzRnBiJTNEJTIxMW0xOCUyMTFtMTIlMjExbTMlMjExZDc2Mi4xNDI0NzM2NzYzNTI5JTIxMmQtNy42MDgzMjU1MTE4OTA4OSUyMTNkNDAuMTc0MTI4OTk4NzA1ODMlMjEybTMlMjExZjAlMjEyZjAlMjEzZjAlMjEzbTIlMjExaTEwMjQlMjEyaTc2OCUyMTRmMTMuMSUyMTNtMyUyMTFtMiUyMTFzMHgwJTI1M0EweDAlMjEyek5ERENzREV3SnpJMkxqa2lUaUEzd3JBek5pY3lPQzR3SWxjJTIxNWUwJTIxM20yJTIxMXNwdC1QVCUyMTJzcHQlMjE0djE2MzEyMDI3OTYxMTQlMjE1bTIlMjExc3B0LVBUJTIxMnNwdCUyMiUyMHdpZHRoJTNEJTIyNjAwJTIyJTIwaGVpZ2h0JTNEJTIyNDUwJTIyJTIwc3R5bGUlM0QlMjJib3JkZXIlM0EwJTNCJTIyJTIwYWxsb3dmdWxsc2NyZWVuJTNEJTIyJTIyJTIwbG9hZGluZyUzRCUyMmxhenklMjIlM0UlM0MlMkZpZnJhbWUlM0U=&#8221; size=&#8221;400px&#8221;][\/vc_column][\/vc_row][vc_row bg_type=&#8221;image&#8221; parallax_style=&#8221;vcpb-default&#8221; bg_image_new=&#8221;id^6|url^https:\/\/upperinc.com\/previews\/wp\/skudo\/minimalist\/wp-content\/uploads\/sites\/40\/revslider\/homev1\/minimal3.jpg|caption^null|alt^null|title^minimal3.jpg|description^null&#8221; bg_image_repeat=&#8221;no-repeat&#8221; bg_override=&#8221;ex-full&#8221; enable_overlay=&#8221;enable_overlay_value&#8221; overlay_color=&#8221;rgba(0,0,0,0.04)&#8221; css=&#8221;.vc_custom_1531237792032{padding-top: 100px !important;padding-bottom: 100px !important;}&#8221;][vc_column][vc_row_inner][vc_column_inner width=&#8221;1\/4&#8243;][vc_column_text]<\/p>\n<h5>HOR\u00c1RIO DE FUNCIONAMENTO<\/h5>\n<p><strong>Segunda a Sexta-Feira<\/strong>: 10:00 \/ 19:00<br \/>\n<strong>S\u00e1bado<\/strong>: 10:00 \/ 14:00<br \/>\n<strong>Domingo<\/strong>: Fechado[\/vc_column_text][\/vc_column_inner][vc_column_inner width=&#8221;1\/4&#8243;]<div class=\"ult-spacer spacer-69f5a6baf181b\" data-id=\"69f5a6baf181b\" data-height=\"\" data-height-mobile=\"40\" data-height-tab=\"\" data-height-tab-portrait=\"\" data-height-mobile-landscape=\"40\" style=\"clear:both;display:block;\"><\/div>[vc_column_text]<strong>CONTACTOS<\/strong><\/p>\n<p><strong>E-MAIL:<\/strong>\u00a0<a href=\"mailto:geral@argemela.pt\">geral@argemela.pt<\/a><br \/>\n<strong>Telefone:\u00a0<\/strong><a href=\"callto:+351275962178\">+351 275 962 178<br \/>\n<\/a>(chamada para a rede fixa nacional)[\/vc_column_text][\/vc_column_inner][vc_column_inner width=&#8221;1\/4&#8243;]<div class=\"ult-spacer spacer-69f5a6baf182d\" data-id=\"69f5a6baf182d\" data-height=\"\" data-height-mobile=\"40\" data-height-tab=\"\" data-height-tab-portrait=\"\" data-height-mobile-landscape=\"40\" style=\"clear:both;display:block;\"><\/div>[vc_column_text]<\/p>\n<h5>MORADA<\/h5>\n<p>Rua Direita 18,<br \/>\n6215-043 Barco- Covilh\u00e3[\/vc_column_text][\/vc_column_inner][vc_column_inner width=&#8221;1\/4&#8243;]<div class=\"ult-spacer spacer-69f5a6baf183c\" data-id=\"69f5a6baf183c\" data-height=\"\" data-height-mobile=\"40\" data-height-tab=\"\" data-height-tab-portrait=\"\" data-height-mobile-landscape=\"40\" style=\"clear:both;display:block;\"><\/div>[vc_column_text]<\/p>\n<h5>OS TEMAS<\/h5>\n<ul>\n<li><a href=\"https:\/\/www.argemela.pt\/portal\/a-terra-e-as-gentes-2\/\"><b>A Terra e as Gentes<\/b><\/a><\/li>\n<li>\n<p class=\"page_title\"><a href=\"https:\/\/www.argemela.pt\/portal\/a-serra-e-as-minas\/\"><strong>A Serra e as Minas<\/strong><\/a><\/p>\n<\/li>\n<li>\n<p class=\"page_title\"><a href=\"https:\/\/www.argemela.pt\/portal\/o-rio-e-as-margens\/\"><strong>O Rio e as Margens<\/strong><\/a><\/p>\n<\/li>\n<\/ul>\n<p>[\/vc_column_text][\/vc_column_inner][\/vc_row_inner][\/vc_column][\/vc_row]<\/p>\n","protected":false},"excerpt":{"rendered":"<p>[vc_row css=&#8221;.vc_custom_1528471507622{padding-top: 80px !important;padding-bottom: 80px !important;}&#8221;][vc_column width=&#8221;1\/3&#8243;][vc_custom_heading text=&#8221;CONTACTE-NOS&#8221; font_container=&#8221;tag:h4|text_align:left&#8221; use_theme_fonts=&#8221;yes&#8221;][vc_empty_space height=&#8221;10px&#8221;][vc_column_text]Entre em contacto connosco atrav\u00e9s do formul\u00e1rio de contato abaixo ou venha visitar nosso centro de interpreta\u00e7\u00e3o, no Barco &#8211; Covilh\u00e3[\/vc_column_text][vc_empty_space height=&#8221;20px&#8221;][\/vc_column][vc_column width=&#8221;2\/3&#8243; el_class=&#8221;box-paddingl&#8221;][vc_empty_space height=&#8221;10px&#8221;][vc_gmaps link=&#8221;#E-8_JTNDaWZyYW1lJTIwc3JjJTNEJTIyaHR0cHMlM0ElMkYlMkZ3d3cuZ29vZ2xlLmNvbSUyRm1hcHMlMkZlbWJlZCUzRnBiJTNEJTIxMW0xOCUyMTFtMTIlMjExbTMlMjExZDc2Mi4xNDI0NzM2NzYzNTI5JTIxMmQtNy42MDgzMjU1MTE4OTA4OSUyMTNkNDAuMTc0MTI4OTk4NzA1ODMlMjEybTMlMjExZjAlMjEyZjAlMjEzZjAlMjEzbTIlMjExaTEwMjQlMjEyaTc2OCUyMTRmMTMuMSUyMTNtMyUyMTFtMiUyMTFzMHgwJTI1M0EweDAlMjEyek5ERENzREV3SnpJMkxqa2lUaUEzd3JBek5pY3lPQzR3SWxjJTIxNWUwJTIxM20yJTIxMXNwdC1QVCUyMTJzcHQlMjE0djE2MzEyMDI3OTYxMTQlMjE1bTIlMjExc3B0LVBUJTIxMnNwdCUyMiUyMHdpZHRoJTNEJTIyNjAwJTIyJTIwaGVpZ2h0JTNEJTIyNDUwJTIyJTIwc3R5bGUlM0QlMjJib3JkZXIlM0EwJTNCJTIyJTIwYWxsb3dmdWxsc2NyZWVuJTNEJTIyJTIyJTIwbG9hZGluZyUzRCUyMmxhenklMjIlM0UlM0MlMkZpZnJhbWUlM0U=&#8221; size=&#8221;400px&#8221;][\/vc_column][\/vc_row][vc_row bg_type=&#8221;image&#8221; parallax_style=&#8221;vcpb-default&#8221; bg_image_new=&#8221;id^6|url^https:\/\/upperinc.com\/previews\/wp\/skudo\/minimalist\/wp-content\/uploads\/sites\/40\/revslider\/homev1\/minimal3.jpg|caption^null|alt^null|title^minimal3.jpg|description^null&#8221; bg_image_repeat=&#8221;no-repeat&#8221; bg_override=&#8221;ex-full&#8221; enable_overlay=&#8221;enable_overlay_value&#8221; overlay_color=&#8221;rgba(0,0,0,0.04)&#8221; css=&#8221;.vc_custom_1531237792032{padding-top: 100px !important;padding-bottom: 100px !important;}&#8221;][vc_column][vc_row_inner][vc_column_inner width=&#8221;1\/4&#8243;][vc_column_text] HOR\u00c1RIO DE FUNCIONAMENTO Segunda a [&hellip;]<\/p>\n","protected":false},"author":1,"featured_media":0,"parent":10179,"menu_order":0,"comment_status":"closed","ping_status":"closed","template":"page.php","meta":[],"_links":{"self":[{"href":"https:\/\/www.argemela.pt\/portal\/wp-json\/wp\/v2\/pages\/10227"}],"collection":[{"href":"https:\/\/www.argemela.pt\/portal\/wp-json\/wp\/v2\/pages"}],"about":[{"href":"https:\/\/www.argemela.pt\/portal\/wp-json\/wp\/v2\/types\/page"}],"author":[{"embeddable":true,"href":"https:\/\/www.argemela.pt\/portal\/wp-json\/wp\/v2\/users\/1"}],"replies":[{"embeddable":true,"href":"https:\/\/www.argemela.pt\/portal\/wp-json\/wp\/v2\/comments?post=10227"}],"version-history":[{"count":12,"href":"https:\/\/www.argemela.pt\/portal\/wp-json\/wp\/v2\/pages\/10227\/revisions"}],"predecessor-version":[{"id":12573,"href":"https:\/\/www.argemela.pt\/portal\/wp-json\/wp\/v2\/pages\/10227\/revisions\/12573"}],"up":[{"embeddable":true,"href":"https:\/\/www.argemela.pt\/portal\/wp-json\/wp\/v2\/pages\/10179"}],"wp:attachment":[{"href":"https:\/\/www.argemela.pt\/portal\/wp-json\/wp\/v2\/media?parent=10227"}],"curies":[{"name":"wp","href":"https:\/\/api.w.org\/{rel}","templated":true}]}}