{"id":11850,"date":"2021-03-02T20:29:48","date_gmt":"2021-03-02T20:29:48","guid":{"rendered":"https:\/\/www.argemela.pt\/portal\/?page_id=11850"},"modified":"2021-03-02T23:22:08","modified_gmt":"2021-03-02T23:22:08","slug":"rio-zezere","status":"publish","type":"page","link":"https:\/\/www.argemela.pt\/portal\/rio-zezere\/","title":{"rendered":"Rio Z\u00eazere"},"content":{"rendered":"<p>[vc_row][vc_column][vc_column_text]Ilustra\u00e7\u00e3o realizada por <a href=\"https:\/\/www.facebook.com\/sofia.camacho.16\">Sofia Camacho<\/a>[\/vc_column_text][vc_single_image image=&#8221;11852&#8243; img_size=&#8221;400&#215;1096&#8243; add_caption=&#8221;yes&#8221; alignment=&#8221;center&#8221; style=&#8221;vc_box_border&#8221; border_color=&#8221;white&#8221; onclick=&#8221;custom_link&#8221; link=&#8221;https:\/\/www.argemela.pt\/portal\/wp-content\/uploads\/2021\/03\/mapa-geral-01.png&#8221;][\/vc_column][\/vc_row]<\/p>\n","protected":false},"excerpt":{"rendered":"<p>[vc_row][vc_column][vc_column_text]Ilustra\u00e7\u00e3o realizada por Sofia Camacho[\/vc_column_text][vc_single_image image=&#8221;11852&#8243; img_size=&#8221;400&#215;1096&#8243; add_caption=&#8221;yes&#8221; alignment=&#8221;center&#8221; style=&#8221;vc_box_border&#8221; border_color=&#8221;white&#8221; onclick=&#8221;custom_link&#8221; link=&#8221;https:\/\/www.argemela.pt\/portal\/wp-content\/uploads\/2021\/03\/mapa-geral-01.png&#8221;][\/vc_column][\/vc_row]<\/p>\n","protected":false},"author":1,"featured_media":0,"parent":0,"menu_order":0,"comment_status":"closed","ping_status":"closed","template":"one-page-template.php","meta":[],"_links":{"self":[{"href":"https:\/\/www.argemela.pt\/portal\/wp-json\/wp\/v2\/pages\/11850"}],"collection":[{"href":"https:\/\/www.argemela.pt\/portal\/wp-json\/wp\/v2\/pages"}],"about":[{"href":"https:\/\/www.argemela.pt\/portal\/wp-json\/wp\/v2\/types\/page"}],"author":[{"embeddable":true,"href":"https:\/\/www.argemela.pt\/portal\/wp-json\/wp\/v2\/users\/1"}],"replies":[{"embeddable":true,"href":"https:\/\/www.argemela.pt\/portal\/wp-json\/wp\/v2\/comments?post=11850"}],"version-history":[{"count":13,"href":"https:\/\/www.argemela.pt\/portal\/wp-json\/wp\/v2\/pages\/11850\/revisions"}],"predecessor-version":[{"id":11877,"href":"https:\/\/www.argemela.pt\/portal\/wp-json\/wp\/v2\/pages\/11850\/revisions\/11877"}],"wp:attachment":[{"href":"https:\/\/www.argemela.pt\/portal\/wp-json\/wp\/v2\/media?parent=11850"}],"curies":[{"name":"wp","href":"https:\/\/api.w.org\/{rel}","templated":true}]}}