{"id":12027,"date":"2021-03-17T21:53:24","date_gmt":"2021-03-17T21:53:24","guid":{"rendered":"https:\/\/www.argemela.pt\/portal\/?page_id=12027"},"modified":"2021-12-02T17:10:06","modified_gmt":"2021-12-02T17:10:06","slug":"a-terra-e-as-gentes-2","status":"publish","type":"page","link":"https:\/\/www.argemela.pt\/portal\/a-terra-e-as-gentes-2\/","title":{"rendered":"A Terra e as Gentes"},"content":{"rendered":"<p>[vc_row][vc_column][vc_empty_space height=&#8221;60&#8243;][vc_column_text]<\/p>\n<h2>Barco<\/h2>\n<p>[\/vc_column_text][vc_empty_space height=&#8221;40&#8243;]<div class='ult_hotspot_container ult-adjust-bottom-margin ult-hotspot-tooltip-wrapper ' style=>  <img class='ult_hotspot_image' src=https:\/\/www.argemela.pt\/portal\/wp-content\/uploads\/2021\/05\/Barco-panorama-Diamantino-Gonca01.png alt='null'\/>     <div class='utl-hotspot-items ult-hotspot-item'><div class='ult-hotspot-item  ' style='top:-webkit-calc(0% - 16px);top:-moz-calc(0% - 16px);top:calc(0% - 16px);left: -webkit-calc(0% - 16px);left: -moz-calc(0% - 16px);left: calc(0% - 16px);' >  <div style='z-index: 39;position: relative;'>   <a data-link_style='tootip' data-mycust-id=\"hotspot-tooltip-7979\"  data-ultimate-target='#hotspot-tooltip-7979 .ult-tooltipster-content'  data-responsive-json-new='{\"font-size\":\"\",\"line-height\":\"\"}' data-tooltip-content-style=\"width:300px;\"data-tooltip-base-style=\"background-color:#ffffff;color:#4c4c4c;\" data-bubble-arrow=\"true\" data-tooltip-offsety=\"16\" class='ult-tooltipstered ult-hotspot-tooltip' href='#' data-status='show'><div class=\"ult-just-icon-wrapper  \"><div class=\"align-icon\" style=\"text-align:center;\">\n<div class=\"aio-icon  \"  style=\"font-size:32px;display:inline-block;\">\n\t<i class=\"Defaults-map-marker\"><\/i>\n<\/div><\/div><\/div><span class='hotspot-tooltip-content'>Tooltip content goes here!<\/span>  <\/a> <\/div><!-- ICON WRAP --><\/div>\n<\/div>     <div style='color:#000;' data-image='    '><\/div><\/div>[vc_empty_space height=&#8221;20&#8243;][vc_separator][vc_column_text]Foto: Diamantino Gon\u00e7alves[\/vc_column_text][\/vc_column][\/vc_row][vc_row][vc_column][vc_empty_space height=&#8221;20&#8243;]<div id=\"ultv-8853\" class=\"ult-dual-color ult-adjust-bottom-margin ult-dual-color-responsive-none ultv-8853  \"><div class=\"ult-module-content ult-dual-color-heading\" style=\"text-align:left;\">\r\n\t\t\t\t\t\t<h3><span class=\"ult-before-heading\">\r\n\t\t\t\t\t\t\t\t\t<span class=\"ult-dual-heading-text ult-first-text ult-responsive\"  data-ultimate-target='.ult-dual-color.ultv-8853 .ult-dual-heading-text'  data-responsive-json-new='{\"font-size\":\"\",\"line-height\":\"\"}'  style=\"     border:none; font-weight:normal;\">Um Povo<\/span>\r\n\t\t\t\t\t\t\t\t<\/span><span class=\"ult-adv-heading\" style=\"\">\r\n\t\t\t\t\t\t\t\t\t<span class=\"ult-dual-adv-heading-text ult-highlight-text ult-responsive\"  data-ultimate-target='.ult-dual-color.ultv-8853 .ult-highlight-text'  data-responsive-json-new='{\"font-size\":\"\",\"line-height\":\"\"}'  style=\"     border:none; font-weight:normal;\">com muito car\u00e1cter\u2026<\/span>\r\n\t\t\t\t\t\t\t\t<\/span><\/h3> <\/div><\/div>[vc_empty_space height=&#8221;20&#8243;][vc_row_inner][vc_column_inner width=&#8221;1\/3&#8243;][vc_single_image image=&#8221;12030&#8243; img_size=&#8221;300&#8243; alignment=&#8221;center&#8221; style=&#8221;vc_box_rounded&#8221; onclick=&#8221;link_image&#8221;][\/vc_column_inner][vc_column_inner width=&#8221;2\/3&#8243;][vc_column_text]<em>\u201cBarco, Barco, Barco!<\/em><\/p>\n<p><em>\u00a0 Grita o povo em geral.<\/em><\/p>\n<p><em>\u00a0 Terra t\u00e3o formosa<\/em><\/p>\n<p><em>\u00a0 N\u00e3o h\u00e1 igual em Portugal\u201d.<\/em><\/p>\n<p>&nbsp;<\/p>\n<p>Bairrista, amante da sua aldeia, orgulhoso do seu passado, o Povo do Barco \u00e9 gente simples, temente a Deus e laboriosa. Unido nos desafios colectivos e sempre galhardo fora de portas.[\/vc_column_text][\/vc_column_inner][\/vc_row_inner][vc_empty_space height=&#8221;50px&#8221;][vc_separator]<div id=\"ultv-1931\" class=\"ult-dual-color ult-adjust-bottom-margin ult-dual-color-responsive-none ultv-1931  \"><div class=\"ult-module-content ult-dual-color-heading\" style=\"text-align:left;\">\r\n\t\t\t\t\t\t<h3><span class=\"ult-before-heading\">\r\n\t\t\t\t\t\t\t\t\t<span class=\"ult-dual-heading-text ult-first-text ult-responsive\"  data-ultimate-target='.ult-dual-color.ultv-1931 .ult-dual-heading-text'  data-responsive-json-new='{\"font-size\":\"\",\"line-height\":\"\"}'  style=\"     border:none; font-weight:normal;\">A marca<\/span>\r\n\t\t\t\t\t\t\t\t<\/span><span class=\"ult-adv-heading\" style=\"\">\r\n\t\t\t\t\t\t\t\t\t<span class=\"ult-dual-adv-heading-text ult-highlight-text ult-responsive\"  data-ultimate-target='.ult-dual-color.ultv-1931 .ult-highlight-text'  data-responsive-json-new='{\"font-size\":\"\",\"line-height\":\"\"}'  style=\"     border:none; font-weight:normal;\">das tradi\u00e7\u00f5es<\/span>\r\n\t\t\t\t\t\t\t\t<\/span><\/h3> <\/div><\/div>[vc_empty_space height=&#8221;20px&#8221;][vc_row_inner][vc_column_inner width=&#8221;2\/3&#8243;][vc_column_text]<em>Pastorinhos da Argemela<\/em><\/p>\n<p><em>Com que atirais v\u00f3s ao gado?<\/em><\/p>\n<p><em>Julgais ser com pedras,<\/em><\/p>\n<p><em>Mas \u00e9 com ouro encantado.<\/em><\/p>\n<p>&nbsp;<\/p>\n<p>Em alguma das estreitas ruas do Meio, o n\u00facleo primitivo da aldeia, ainda \u00e9 poss\u00edvel encontrar \u201ca casa de tr\u00eas pisos, o primeiro destinado aos animais, alfaias e arrecada\u00e7\u00f5es, os outros dois ligados \u00e0 habita\u00e7\u00e3o por uma escada interior de madeira. As paredes (\u2026) de xisto com cunhais, vergas e ombreiras de granito. As varandas de pau situam-se no \u00faltimo piso\u201d. Ernesto Veiga de Oliveira e Fernando Galhano que, nos anos 50 do s\u00e9culo passado, fizeram no Barco fotos e recolha para a obra \u201cArquitectura Tradicional Portuguesa\u201d.<\/p>\n<p>As narrativas em redor do rio e da serra da Argemela fazem tamb\u00e9m parte do \u201clivro das tradi\u00e7\u00f5es\u201d.[\/vc_column_text][\/vc_column_inner][vc_column_inner width=&#8221;1\/3&#8243;][vc_single_image image=&#8221;12039&#8243; img_size=&#8221;400&#8243; alignment=&#8221;center&#8221; style=&#8221;vc_box_rounded&#8221; onclick=&#8221;link_image&#8221; css_animation=&#8221;bounceIn&#8221;][\/vc_column_inner][\/vc_row_inner][vc_empty_space height=&#8221;20px&#8221;][vc_empty_space height=&#8221;50px&#8221;][vc_separator]<div id=\"ultv-378\" class=\"ult-dual-color ult-adjust-bottom-margin ult-dual-color-responsive-none ultv-378  \"><div class=\"ult-module-content ult-dual-color-heading\" style=\"text-align:left;\">\r\n\t\t\t\t\t\t<h3><span class=\"ult-before-heading\">\r\n\t\t\t\t\t\t\t\t\t<span class=\"ult-dual-heading-text ult-first-text ult-responsive\"  data-ultimate-target='.ult-dual-color.ultv-378 .ult-dual-heading-text'  data-responsive-json-new='{\"font-size\":\"\",\"line-height\":\"\"}'  style=\"     border:none; font-weight:normal;\">Os usos<\/span>\r\n\t\t\t\t\t\t\t\t<\/span><span class=\"ult-adv-heading\" style=\"\">\r\n\t\t\t\t\t\t\t\t\t<span class=\"ult-dual-adv-heading-text ult-highlight-text ult-responsive\"  data-ultimate-target='.ult-dual-color.ultv-378 .ult-highlight-text'  data-responsive-json-new='{\"font-size\":\"\",\"line-height\":\"\"}'  style=\"     border:none; font-weight:normal;\">e os costumes<\/span>\r\n\t\t\t\t\t\t\t\t<\/span><\/h3> <\/div><\/div>[vc_empty_space height=&#8221;50px&#8221;][vc_row_inner][vc_column_inner width=&#8221;1\/3&#8243;][vc_single_image image=&#8221;12046&#8243; img_size=&#8221;medium&#8221; alignment=&#8221;center&#8221; style=&#8221;vc_box_rounded&#8221; onclick=&#8221;link_image&#8221;][\/vc_column_inner][vc_column_inner width=&#8221;2\/3&#8243;][vc_column_text]O ciclo das sementeiras e das colheitas, mais o calend\u00e1rio religioso determinavam o quotidiano dos barquenses, trabalhadores do campo, pastores, fiandeiras, artes\u00e3os e gente do rio.<\/p>\n<p>Nas fam\u00edlias, numerosas em regra e a coabitarem duas e tr\u00eas gera\u00e7\u00f5es, a singeleza e a uni\u00e3o faziam a sobreviv\u00eancia e fortaleciam h\u00e1bitos e maneiras de ser.<\/p>\n<p>Com a Primavera vinha o amanho das terras e a ida ao mercado do Fund\u00e3o para comprar o porco de engorda anual. Depois das sementeiras, o rio e os lodeiros ocupavam a popula\u00e7\u00e3o: era preciso tocar a roda para regar o milho colhido pelo S\u00e3o Miguel, passada a Santa Luzia. Nos meses de Inverno, fazia-se a matan\u00e7a, os homens andavam ao dia na apanha da azeitona, o frio e as geadas metiam a gente em casa, o rio ia de \u201cmar a monte\u201d, a barca levava e trazia os do \u201cquilo e do salta e pilha\u201d.<\/p>\n<p>Na igreja, o sino lembrava a hora das ora\u00e7\u00f5es e o chegar das festas, as maiores a do M\u00e1rtir S. Sebasti\u00e3o, no fim de Agosto, e a de S\u00e3o Sim\u00e3o, fim de Outubro. A P\u00e1scoa, na segunda-feira festejada em romaria de casa em casa, punha fim ao recolhimento da Quaresma, aos dias marcados pelos Penitentes e pela Encomenda\u00e7\u00e3o das Almas. Podia o Povo, ent\u00e3o, armar os bailes de concertina e tocar a M\u00fasica dos P\u00edfaros.[\/vc_column_text][\/vc_column_inner][\/vc_row_inner][vc_empty_space][vc_empty_space height=&#8221;50px&#8221;][vc_separator][vc_empty_space height=&#8221;50px&#8221;]<div id=\"ultv-1703\" class=\"ult-dual-color ult-adjust-bottom-margin ult-dual-color-responsive-none ultv-1703  \"><div class=\"ult-module-content ult-dual-color-heading\" style=\"text-align:left;\">\r\n\t\t\t\t\t\t<h2><span class=\"ult-before-heading\">\r\n\t\t\t\t\t\t\t\t\t<span class=\"ult-dual-heading-text ult-first-text ult-responsive\"  data-ultimate-target='.ult-dual-color.ultv-1703 .ult-dual-heading-text'  data-responsive-json-new='{\"font-size\":\"\",\"line-height\":\"\"}'  style=\"     border:none; font-weight:normal;\">Algumas<\/span>\r\n\t\t\t\t\t\t\t\t<\/span><span class=\"ult-adv-heading\" style=\"\">\r\n\t\t\t\t\t\t\t\t\t<span class=\"ult-dual-adv-heading-text ult-highlight-text ult-responsive\"  data-ultimate-target='.ult-dual-color.ultv-1703 .ult-highlight-text'  data-responsive-json-new='{\"font-size\":\"\",\"line-height\":\"\"}'  style=\"     border:none; font-weight:normal;\">personalidades<\/span>\r\n\t\t\t\t\t\t\t\t<\/span><\/h2> <\/div><\/div>[vc_empty_space height=&#8221;50px&#8221;][\/vc_column][\/vc_row][vc_row][vc_column width=&#8221;1\/4&#8243;][vc_column_text]<\/p>\n<h3>Bispo Dom Jer\u00f3nimo<\/h3>\n<div><b>da Soledade do Barco<\/b><\/div>\n<p>[\/vc_column_text][vc_empty_space][vc_single_image image=&#8221;12317&#8243; img_size=&#8221;medium&#8221; onclick=&#8221;link_image&#8221;][\/vc_column][vc_column width=&#8221;3\/4&#8243;][vc_empty_space height=&#8221;110px&#8221;][vc_column_text]Dom Frei Jer\u00f3nimo da Soledade do Barco foi importante figura da Igreja portuguesa no s\u00e9culo XIX. Nasceu no Barco, em 1774, com o nome de Jer\u00f3nimo Antunes Ramos, e morreu em Lisboa a 30 de Junho de 1852. Fez as primeiras letras com o P\u00e1roco do Telhado e, jovem, professou no convento dos franciscanos da Franqueira, em Barcelos, da prov\u00edncia da Soledade, onde ensinou mais tarde teologia e filosofia. Voltou ao Barco, em 1820, talvez pela \u00faltima vez, para ver a fam\u00edlia, os pais, uma irm\u00e3 e tr\u00eas irm\u00e3os, dois deles sacerdotes, na Barroca e em Dornelas.<\/p>\n<p>Em 13 de Maio de 1818 foi eleito bispo de Cabo Verde, confirmado pelo Papa em 1820. Eleito deputado \u00e0s cortes de 1827, renunciou \u00e0 Diocese ultramarina e regressou ao Reino, onde exerceu cargos importantes na Coroa e na Igreja.<\/p>\n<p>Foi um bom representante da igreja militante nacional, contestat\u00e1ria do Novo Regime, tendo sido presidente da Sociedade Cat\u00f3lica e da Associa\u00e7\u00e3o da Propaga\u00e7\u00e3o da F\u00e9.<\/p>\n<p>No dia 30 de Junho de 1852 expirou o afamado bispo e o funeral foi a 2 de Julho, ficando os despojos mortais na igreja de Nossa Senhora da Concei\u00e7\u00e3o da Carreira, pertencente ao Pa\u00e7o da Bemposta, onde atualmente \u00e9 a Academia Militar.[\/vc_column_text][\/vc_column][\/vc_row][vc_row][vc_column][vc_empty_space height=&#8221;32&#8243;][vc_separator][vc_empty_space height=&#8221;20px&#8221;][\/vc_column][\/vc_row][vc_row][vc_column width=&#8221;1\/4&#8243;][vc_column_text]<\/p>\n<h3>Jaime Fernandes<\/h3>\n<p>[\/vc_column_text][vc_empty_space][vc_single_image image=&#8221;11753&#8243; img_size=&#8221;medium&#8221; onclick=&#8221;link_image&#8221;][\/vc_column][vc_column width=&#8221;3\/4&#8243;][vc_empty_space height=&#8221;110px&#8221;][vc_column_text]Nasceu no Barco, em 1899, de uma fam\u00edlia de remediados lavradores e morreu em Lisboa em 1969, depois de 31 anos no hospital psiqui\u00e1trico Miguel Bombarda. Pai de seis filhos, (um deles, falecido \u00e0 nascen\u00e7a) vivia a tranquilidade do campo, at\u00e9 ser internado.<\/p>\n<p>Nos \u00faltimos anos de vida, Jaime fez, impulsivamente, centenas de desenhos e pinturas. Margarida Cordeiro, m\u00e9dica, encontrou valor expressivo e art\u00edstico nos trabalhos de Jaime que passava dias inteiros a escrever, e mais tarde, a desenhar e a pintar. Outros se interessaram, entre eles Ant\u00f3nio Reis, que realizou um filme \u201cJaime\u201d, estreado em Maio de 1974.Os quadros de Jaime foram para cole\u00e7\u00f5es expostas em Lisboa (na Funda\u00e7\u00e3o Gulbenkian), na Sui\u00e7a e em Nova Iorque, integrando o movimento de \u201cart brut\u201d.Alguns quadros estiveram expostos no Barco em 1993.<\/p>\n<p>Jaime Fernandes morreu em Mar\u00e7o de 1969.[\/vc_column_text][\/vc_column][\/vc_row][vc_row][vc_column][vc_empty_space height=&#8221;32&#8243;][vc_separator][vc_empty_space height=&#8221;20px&#8221;][\/vc_column][\/vc_row][vc_row][vc_column width=&#8221;1\/4&#8243;][vc_column_text]<\/p>\n<h3>Padre Curto<\/h3>\n<p>[\/vc_column_text][vc_empty_space][vc_single_image image=&#8221;11884&#8243; img_size=&#8221;full&#8221; onclick=&#8221;link_image&#8221;][\/vc_column][vc_column width=&#8221;3\/4&#8243;][vc_column_text]Personalidade marcante do sec. XX, no Barco, o Padre Manuel Duarte C\u00e2ndido Curto foi um homem de cultura, bondade, firmeza e religiosidade. Nasceu na Covilh\u00e3, em 19 de Dezembro de 1921. Filho var\u00e3o de uma fam\u00edlia de grande fervor religioso, ingressou no semin\u00e1rio, sendo ordenado sacerdote em 13 de outubro de 1946, na S\u00e9 da Guarda.<\/p>\n<p>Sucedendo ao Padre Albertino Santos Vale, tamb\u00e9m de boa mem\u00f3ria, tomou conta da par\u00f3quia do Barco em 2 de fevereiro de 1949 e, da\u00ed em diante, dedicou sessenta anos da vida ao trabalho sacerdotal e \u00e0 comunidade. Dinamizador dos grupos da Igreja, era firme na imposi\u00e7\u00e3o da catequese e envolvente na rela\u00e7\u00e3o com a juventude, atrav\u00e9s da cria\u00e7\u00e3o do Escutismo (23 de abril de 1956), do incentivo ao desporto \u2013 jogava futebol de batina arrega\u00e7ada \u2013 e \u00e0s atividades culturais, como o teatro e o cinema.<\/p>\n<p>No final dos anos 50, mobilizou a popula\u00e7\u00e3o para construir uma nova igreja, face \u00e0 degrada\u00e7\u00e3o e quase ru\u00edna da velha igreja de S. Sim\u00e3o, datada do in\u00edcio do sec. XVII. O projeto (1958) enquadra-se no Movimento de Renova\u00e7\u00e3o da Arte Religiosa, resposta de jovens arquitetos e artistas ao conservadorismo da arquitetura sacra em Portugal.<\/p>\n<p>O Padre Curto assumiu oposi\u00e7\u00e3o ao regime desta forma e tamb\u00e9m atrav\u00e9s da pastoral diocesana da emigra\u00e7\u00e3o e da divulga\u00e7\u00e3o da literatura e do cinema proibidos pela censura. Acreditava no valor da instru\u00e7\u00e3o e incentivava os pais para mandarem os filhos estudar.<\/p>\n<p>Com a emigra\u00e7\u00e3o o povo diminu\u00eda e a velhice do Padre Curto fez-se serenamente nas Obras da Igreja e, discreta e bondosamente, no apoio aos idosos e aos necessitados.<\/p>\n<p>Faleceu em 04 de Junho de 2009.[\/vc_column_text][\/vc_column][\/vc_row][vc_row][vc_column][vc_empty_space height=&#8221;32&#8243;][vc_separator][vc_empty_space height=&#8221;20px&#8221;][\/vc_column][\/vc_row][vc_row][vc_column width=&#8221;1\/4&#8243;][vc_column_text]<\/p>\n<h3>A Fam\u00edlia <strong>Falc\u00e3o<\/strong><\/h3>\n<p>[\/vc_column_text][vc_empty_space][vc_single_image image=&#8221;11930&#8243; img_size=&#8221;full&#8221; onclick=&#8221;link_image&#8221;][\/vc_column][vc_column width=&#8221;3\/4&#8243;][vc_empty_space height=&#8221;90&#8243;][vc_column_text]<\/p>\n<div>\n<p>Na \u00faltima d\u00e9cada do s\u00e9culo XVIII, nasceu, no Barco, Ant\u00f3nio Borges de Carvalho. Afilhado do Padre Ant\u00f3nio, do Pesinho, seguiu igualmente a carreira sacerdotal, apesar do que veio a ser pai (com Maria Vit\u00f3ria, natural do Barco) de Maria Ang\u00e9lica Borges de Carvalho. A filha do \u201cReverendo Doutor Ant\u00f3nio\u201d, ao casar com Jos\u00e9 Fernandes Galv\u00e3o, de uma abastada fam\u00edlia do Tortosendo, deu origem \u00e0 descend\u00eancia que dominou praticamente todos os aspetos da vida econ\u00f3mica, social e privada na povoa\u00e7\u00e3o do Barco desde o sec. XVIII, at\u00e9 aos meados dos anos cinquenta do s\u00e9culo XX.<\/p>\n<\/div>\n<div>\n<p>\u00a0Maria do Carmo Falc\u00e3o (casada com Elvino da Cunha Tarouca) sucedeu \u00e0 m\u00e3e, Maria Apolin\u00e1ria de Borja Galv\u00e3o Falc\u00e3o, na dire\u00e7\u00e3o das propriedades e dos interesses da casa de fam\u00edlia, no Barco, Teixoso, Tortosendo, Covilh\u00e3, e Idanha. Ap\u00f3s o casamento, mudou-se para Alpedrinha, enquanto as irm\u00e3s se radicavam em Lisboa e Covilh\u00e3 e o irm\u00e3o em Coimbra.<\/p>\n<\/div>\n<div>\n<p>No in\u00edcio da segunda metade do s\u00e9culo passado, as terras, as propriedades da fam\u00edlia foram sendo vendidas: no Tortosendo, a Quinta do Prazo \u00e9 agora do semin\u00e1rio do Verbo Divino e, no Barco, nos terrenos do Sumagral e da Argemela se estabeleceram \u201cas minas da companhia inglesa\u201d da Beralt tin &amp; Wolfram. Na moradia da fam\u00edlia (um edif\u00edcio rural, no centro da povoa\u00e7\u00e3o, com v\u00e1rias divis\u00f5es e tra\u00e7o senhorial) est\u00e1 atualmente a ARPAZ.<\/p>\n<\/div>\n<p>[\/vc_column_text][\/vc_column][\/vc_row][vc_row][vc_column][vc_empty_space height=&#8221;32&#8243;][vc_separator][vc_empty_space height=&#8221;20px&#8221;][\/vc_column][\/vc_row][vc_row][vc_column width=&#8221;1\/4&#8243;][vc_column_text]<\/p>\n<h3>Monsenhor Matos<\/h3>\n<p>[\/vc_column_text][vc_empty_space][vc_single_image image=&#8221;11913&#8243; img_size=&#8221;full&#8221; onclick=&#8221;link_image&#8221;][\/vc_column][vc_column width=&#8221;3\/4&#8243;][vc_empty_space height=&#8221;140px&#8221;][vc_column_text]Pelo batismo a 12 de Abril de 1885, aquele que viria a ser Monsenhor recebe o mesmo nome do pai e do av\u00f4 paterno, Lu\u00eds. A m\u00e3e, Maria de Jesus Nunes, era propriet\u00e1ria e natural do Telhado.<\/p>\n<p>Ap\u00f3s as \u201cprimeiras letras\u201d, ingressa no semin\u00e1rio da Guarda e \u00e9 ordenado sacerdote em 1907. Lu\u00eds Mendes de Matos vai destacar-se na C\u00faria Diocesana, como jornalista e pol\u00edtico regional, sendo deputado na Assembleia Nacional, entre 1942 e 1949. A\u00ed ter\u00e1 influenciado na localiza\u00e7\u00e3o da ponte sobre o rio Z\u00eazere, inaugurada em 5 de junho de 1955. Apoiante da nova igreja do Barco, oferece a casa de fam\u00edlia que \u00e9 vendida e o valor reverte para a constru\u00e7\u00e3o. Participa na inaugura\u00e7\u00e3o, em 1964. Faleceu, na Guarda, em 23 de Maio de 1975.[\/vc_column_text][\/vc_column][\/vc_row][vc_row][vc_column][vc_empty_space height=&#8221;32&#8243;][vc_separator][vc_empty_space height=&#8221;20px&#8221;][\/vc_column][\/vc_row][vc_row][vc_column width=&#8221;1\/4&#8243;][vc_column_text]<\/p>\n<h3>C\u00e9sar Brito<\/h3>\n<p>[\/vc_column_text][vc_empty_space][vc_single_image image=&#8221;12069&#8243; img_size=&#8221;full&#8221; onclick=&#8221;link_image&#8221;][vc_empty_space height=&#8221;60px&#8221;][\/vc_column][vc_column width=&#8221;3\/4&#8243;][vc_empty_space height=&#8221;140px&#8221;][vc_column_text]Mais novo de oito irm\u00e3os, Cesar Gon\u00e7alves de Brito Duarte nasceu em 21 de Outubro de 1964, na rua das Escolas, a pouca dist\u00e2ncia do campo de futebol do Barco. E foi pelo futebol que viria a tornar-se conhecido como jogador do Sport Lisboa e Benfica e da Sele\u00e7\u00e3o Nacional.<\/p>\n<p>No Sport Clube do Barco foi campe\u00e3o distrital e sobressaiu na 3\u00aaDivis\u00e3o Nacional como avan\u00e7ado marcador de golos. Passou pelo S. C. da Covilh\u00e3 e ingressou no Benfica na \u00e9poca de 1984\/85. Foi campe\u00e3o nacional 4 vezes, ganhou 3 Ta\u00e7as de Portugal e uma Super Ta\u00e7a. Representou a Sele\u00e7\u00e3o Nacional de Futebol 14 vezes. No final da carreira de futebolista voltou \u00e0 terra natal, o Barco, onde vive.[\/vc_column_text][\/vc_column][\/vc_row][vc_row full_width=&#8221;stretch_row_content&#8221; content_placement=&#8221;middle&#8221; css=&#8221;.vc_custom_1620406781308{background-color: #d3d3d3 !important;}&#8221;][vc_column][vc_empty_space height=&#8221;30px&#8221;][vc_empty_space height=&#8221;30px&#8221;]<div id=\"ultimate-video-838469d1bbbc15fc5\" class=\"ult-video  vc_custom_1620409589467 ult-adjust-bottom-margin ultimate-video-838469d1bbbc15fc5 ultv-5270 \"><div class=\"ultv-video ultv-aspect-ratio-16_9 ultv-subscribe-responsive-none\" data-videotype=\"uv_iframe\">\r\n\t\t\t\t\t\t<div class=\"ultv-video__outer-wrap\" data-autoplay=\"0\" data-device=\"false\"  data-iconbg=\"#3A3A3A\" data-overcolor=\"\" data-defaultbg=\"#1f1f1e\" data-defaultplay=\"defaulticon\"><div class=\"ultv-video__play\" data-src=\"https:\/\/www.youtube.com\/embed\/cu4SHA_bjK8?rel=0&amp;start&amp;end&amp;controls=1&amp;mute=0&amp;modestbranding=0&amp;autoplay=1\">\r\n\t\t\t\t\t\t\t\t<img class=\"ultv-video__thumb\" src=\"https:\/\/i.ytimg.com\/vi\/cu4SHA_bjK8\/maxresdefault.jpg\"\/>\r\n\t\t\t\t\t\t\t\t<div class=\"ultv-video__play-icon  ultv-animation-none\" style=\"width:75px\"><svg height=\"100%\" version=\"1.1\" viewBox=\"0 0 68 48\" width=\"100%\"><path class=\"ultv-youtube-icon-bg\" d=\"m .66,37.62 c 0,0 .66,4.70 2.70,6.77 2.58,2.71 5.98,2.63 7.49,2.91 5.43,.52 23.10,.68 23.12,.68 .00,-1.3e-5 14.29,-0.02 23.81,-0.71 1.32,-0.15 4.22,-0.17 6.81,-2.89 2.03,-2.07 2.70,-6.77 2.70,-6.77 0,0 .67,-5.52 .67,-11.04 l 0,-5.17 c 0,-5.52 -0.67,-11.04 -0.67,-11.04 0,0 -0.66,-4.70 -2.70,-6.77 C 62.03,.86 59.13,.84 57.80,.69 48.28,0 34.00,0 34.00,0 33.97,0 19.69,0 10.18,.69 8.85,.84 5.95,.86 3.36,3.58 1.32,5.65 .66,10.35 .66,10.35 c 0,0 -0.55,4.50 -0.66,9.45 l 0,8.36 c .10,4.94 .66,9.45 .66,9.45 z\" fill=\"#1f1f1e\" ><\/path><path d=\"m 26.96,13.67 18.37,9.62 -18.37,9.55 -0.00,-19.17 z\" fill=\"#fff\"><\/path><path d=\"M 45.02,23.46 45.32,23.28 26.96,13.67 43.32,22.34 45.02,23.46 z\" fill=\"#ccc\"><\/path><\/svg><\/div> <\/div> <\/div><\/div><\/div>[\/vc_column][\/vc_row]<\/p>\n","protected":false},"excerpt":{"rendered":"<p>[vc_row][vc_column][vc_empty_space height=&#8221;60&#8243;][vc_column_text] Barco [\/vc_column_text][vc_empty_space height=&#8221;40&#8243;][vc_empty_space height=&#8221;20&#8243;][vc_separator][vc_column_text]Foto: Diamantino Gon\u00e7alves[\/vc_column_text][\/vc_column][\/vc_row][vc_row][vc_column][vc_empty_space height=&#8221;20&#8243;][vc_empty_space height=&#8221;20&#8243;][vc_row_inner][vc_column_inner width=&#8221;1\/3&#8243;][vc_single_image image=&#8221;12030&#8243; img_size=&#8221;300&#8243; alignment=&#8221;center&#8221; style=&#8221;vc_box_rounded&#8221; onclick=&#8221;link_image&#8221;][\/vc_column_inner][vc_column_inner width=&#8221;2\/3&#8243;][vc_column_text]\u201cBarco, Barco, Barco! \u00a0 Grita o povo em geral. \u00a0 Terra t\u00e3o formosa \u00a0 N\u00e3o h\u00e1 igual em Portugal\u201d. &nbsp; Bairrista, amante da sua aldeia, orgulhoso do seu passado, o Povo do Barco \u00e9 gente simples, temente a Deus [&hellip;]<\/p>\n","protected":false},"author":1,"featured_media":0,"parent":0,"menu_order":0,"comment_status":"closed","ping_status":"closed","template":"one-page-template.php","meta":[],"_links":{"self":[{"href":"https:\/\/www.argemela.pt\/portal\/wp-json\/wp\/v2\/pages\/12027"}],"collection":[{"href":"https:\/\/www.argemela.pt\/portal\/wp-json\/wp\/v2\/pages"}],"about":[{"href":"https:\/\/www.argemela.pt\/portal\/wp-json\/wp\/v2\/types\/page"}],"author":[{"embeddable":true,"href":"https:\/\/www.argemela.pt\/portal\/wp-json\/wp\/v2\/users\/1"}],"replies":[{"embeddable":true,"href":"https:\/\/www.argemela.pt\/portal\/wp-json\/wp\/v2\/comments?post=12027"}],"version-history":[{"count":86,"href":"https:\/\/www.argemela.pt\/portal\/wp-json\/wp\/v2\/pages\/12027\/revisions"}],"predecessor-version":[{"id":12378,"href":"https:\/\/www.argemela.pt\/portal\/wp-json\/wp\/v2\/pages\/12027\/revisions\/12378"}],"wp:attachment":[{"href":"https:\/\/www.argemela.pt\/portal\/wp-json\/wp\/v2\/media?parent=12027"}],"curies":[{"name":"wp","href":"https:\/\/api.w.org\/{rel}","templated":true}]}}