{"id":12280,"date":"2021-06-10T21:37:26","date_gmt":"2021-06-10T21:37:26","guid":{"rendered":"https:\/\/www.argemela.pt\/portal\/?page_id=12280"},"modified":"2021-06-10T21:46:43","modified_gmt":"2021-06-10T21:46:43","slug":"geologia-2","status":"publish","type":"page","link":"https:\/\/www.argemela.pt\/portal\/geologia-2\/","title":{"rendered":"Geologia"},"content":{"rendered":"<p>[vc_row bg_type=&#8221;bg_color&#8221; bg_override=&#8221;ex-full&#8221; css=&#8221;.vc_custom_1492114420041{padding-top: 100px !important;padding-bottom: 100px !important;}&#8221; bg_color_value=&#8221;#ffffff&#8221;][vc_column width=&#8221;1\/2&#8243;][vc_single_image image=&#8221;11833&#8243; img_size=&#8221;full&#8221; css_animation=&#8221;fadeInUp&#8221;][\/vc_column][vc_column width=&#8221;1\/2&#8243;][vc_custom_heading text=&#8221;A Geologia da Regi\u00e3o do Barco&#8221; use_theme_fonts=&#8221;yes&#8221;][vc_empty_space height=&#8221;30px&#8221;][vc_single_image image=&#8221;11832&#8243; img_size=&#8221;full&#8221;]<div class=\"ult-spacer spacer-6a082568855e0\" data-id=\"6a082568855e0\" data-height=\"\" data-height-mobile=\"40\" data-height-tab=\"\" data-height-tab-portrait=\"\" data-height-mobile-landscape=\"40\" style=\"clear:both;display:block;\"><\/div>[vc_empty_space height=&#8221;30px&#8221;][vc_column_text]<\/p>\n<div>\n<p>N\u00e3o sendo certa, a hist\u00f3ria geol\u00f3gica do Barco parece remontar a um tempo muito long\u00ednquo, possivelmente com mais de 540 milh\u00f5es de anos, envolvendo a transi\u00e7\u00e3o entre o Pr\u00e9-C\u00e2mbrico e o C\u00e2mbrico (Figura 1). Numa \u00e9poca em que os seres vivos praticamente se reduziam a organismos simples, microbianos, e que se circunscreviam aos ambientes marinhos.<\/p>\n<\/div>\n<p>[\/vc_column_text][vc_empty_space height=&#8221;60px&#8221;][vc_empty_space height=&#8221;10px&#8221;]<div class=\"ult-just-icon-wrapper align-icon-left \"><div class=\"align-icon\" style=\"text-align:left;\">\n<a class=\"aio-tooltip 6a0825688573a\" href=\"#\"  data-toggle=\"tooltip\" data-placement=\"\"><div class=\"aio-icon circle \" data-animation=\"fadeInUp\" data-animation-delay=\"03\" style=\"color:#ffffff;background:__USE_THEME_MAIN_COLOR__;font-size:12px;\">\n\t<i class=\"Defaults-twitter\"><\/i>\n<\/div><\/a><\/div><\/div><div class=\"ult-just-icon-wrapper align-icon-left \"><div class=\"align-icon\" style=\"text-align:left;\">\n<a class=\"aio-tooltip 6a082568857bc\" href=\"#\"  data-toggle=\"tooltip\" data-placement=\"\"><div class=\"aio-icon circle \" data-animation=\"fadeInUp\" data-animation-delay=\"03\" style=\"color:#ffffff;background:__USE_THEME_MAIN_COLOR__;font-size:12px;\">\n\t<i class=\"Defaults-facebook facebook-f\"><\/i>\n<\/div><\/a><\/div><\/div><div class=\"ult-just-icon-wrapper align-icon-left \"><div class=\"align-icon\" style=\"text-align:left;\">\n<a class=\"aio-tooltip 6a082568857dd\" href=\"#\"  data-toggle=\"tooltip\" data-placement=\"\"><div class=\"aio-icon circle \" data-animation=\"fadeInUp\" data-animation-delay=\"03\" style=\"color:#ffffff;background:__USE_THEME_MAIN_COLOR__;font-size:12px;\">\n\t<i class=\"Defaults-linkedin\"><\/i>\n<\/div><\/a><\/div><\/div>[\/vc_column][\/vc_row]<\/p>\n","protected":false},"excerpt":{"rendered":"<p>[vc_row bg_type=&#8221;bg_color&#8221; bg_override=&#8221;ex-full&#8221; css=&#8221;.vc_custom_1492114420041{padding-top: 100px !important;padding-bottom: 100px !important;}&#8221; bg_color_value=&#8221;#ffffff&#8221;][vc_column width=&#8221;1\/2&#8243;][vc_single_image image=&#8221;11833&#8243; img_size=&#8221;full&#8221; css_animation=&#8221;fadeInUp&#8221;][\/vc_column][vc_column width=&#8221;1\/2&#8243;][vc_custom_heading text=&#8221;A Geologia da Regi\u00e3o do Barco&#8221; use_theme_fonts=&#8221;yes&#8221;][vc_empty_space height=&#8221;30px&#8221;][vc_single_image image=&#8221;11832&#8243; img_size=&#8221;full&#8221;][vc_empty_space height=&#8221;30px&#8221;][vc_column_text] N\u00e3o sendo certa, a hist\u00f3ria geol\u00f3gica do Barco parece remontar a um tempo muito long\u00ednquo, possivelmente com mais de 540 milh\u00f5es de anos, envolvendo a transi\u00e7\u00e3o entre o Pr\u00e9-C\u00e2mbrico e [&hellip;]<\/p>\n","protected":false},"author":1,"featured_media":0,"parent":0,"menu_order":0,"comment_status":"closed","ping_status":"closed","template":"one-page-template.php","meta":[],"_links":{"self":[{"href":"https:\/\/www.argemela.pt\/portal\/wp-json\/wp\/v2\/pages\/12280"}],"collection":[{"href":"https:\/\/www.argemela.pt\/portal\/wp-json\/wp\/v2\/pages"}],"about":[{"href":"https:\/\/www.argemela.pt\/portal\/wp-json\/wp\/v2\/types\/page"}],"author":[{"embeddable":true,"href":"https:\/\/www.argemela.pt\/portal\/wp-json\/wp\/v2\/users\/1"}],"replies":[{"embeddable":true,"href":"https:\/\/www.argemela.pt\/portal\/wp-json\/wp\/v2\/comments?post=12280"}],"version-history":[{"count":2,"href":"https:\/\/www.argemela.pt\/portal\/wp-json\/wp\/v2\/pages\/12280\/revisions"}],"predecessor-version":[{"id":12282,"href":"https:\/\/www.argemela.pt\/portal\/wp-json\/wp\/v2\/pages\/12280\/revisions\/12282"}],"wp:attachment":[{"href":"https:\/\/www.argemela.pt\/portal\/wp-json\/wp\/v2\/media?parent=12280"}],"curies":[{"name":"wp","href":"https:\/\/api.w.org\/{rel}","templated":true}]}}