{"id":12286,"date":"2021-06-10T21:58:52","date_gmt":"2021-06-10T21:58:52","guid":{"rendered":"https:\/\/www.argemela.pt\/portal\/?page_id=12286"},"modified":"2021-06-10T22:06:41","modified_gmt":"2021-06-10T22:06:41","slug":"arqueologia","status":"publish","type":"page","link":"https:\/\/www.argemela.pt\/portal\/arqueologia\/","title":{"rendered":"Arqueologia"},"content":{"rendered":"<p>[vc_row bg_type=&#8221;bg_color&#8221; bg_override=&#8221;ex-full&#8221; css=&#8221;.vc_custom_1492114420041{padding-top: 100px !important;padding-bottom: 100px !important;}&#8221; bg_color_value=&#8221;#ffffff&#8221;][vc_column width=&#8221;1\/2&#8243;][vc_single_image image=&#8221;12289&#8243; img_size=&#8221;full&#8221; css_animation=&#8221;fadeInUp&#8221;][vc_column_text]Aspecto da face externa da segunda linha de muralha.[\/vc_column_text][\/vc_column][vc_column width=&#8221;1\/2&#8243;][vc_custom_heading text=&#8221;O Castro do Cabe\u00e7o da Argemela&#8221; use_theme_fonts=&#8221;yes&#8221;][vc_custom_heading text=&#8221;Jo\u00e3o Nuno Marques, Sara Almeida, Eduardo Porf\u00edrio e Raquel Vila\u00e7a&#8221; font_container=&#8221;tag:h5|text_align:left&#8221; use_theme_fonts=&#8221;yes&#8221; el_class=&#8221;no-letter-spacing&#8221;][vc_empty_space height=&#8221;30px&#8221;][vc_column_text]O Cabe\u00e7o da Argemela ocupa uma eleva\u00e7\u00e3o destacada na Serra do Gomes, formada por xistos argilosos e encimada por um gigantesco afloramento gran\u00edtico. Situado na orla meridional da Cova da Beira, este povoado muralhado do I mil\u00e9nio a.C. enquadra-se na bacia hidrogr\u00e1fica do rio Z\u00eazere, que corre a escassos 1,5 km a norte. A montanha imp\u00f5e-se no horizonte recortado pelas Serras da Estrela, Gardunha e Peroviseu. Da\u00ed se contempla toda a extens\u00e3o longitudinal da Cova da Beira e a vertente ocidental da serra da Estrela, alcan\u00e7ando-se ainda visualmente v\u00e1rios povoados contempor\u00e2neos como o Castro da Senhora da Esperan\u00e7a (Belmonte) ou o povoado de S\u00e3o Corn\u00e9lio (Sabugal). O local detinha assim pleno controle visual sobre a circula\u00e7\u00e3o na Cova da Beira que, j\u00e1 ent\u00e3o, assumiria grande import\u00e2ncia ao n\u00edvel das vias de comunica\u00e7\u00e3o.<\/p>\n<p>Para mais informa\u00e7\u00f5es visite-nos&#8230;[\/vc_column_text][vc_empty_space height=&#8221;60px&#8221;][vc_empty_space height=&#8221;10px&#8221;]<div class=\"ult-just-icon-wrapper align-icon-left \"><div class=\"align-icon\" style=\"text-align:left;\">\n<a class=\"aio-tooltip 6a082245997af\" href=\"#\"  data-toggle=\"tooltip\" data-placement=\"\"><div class=\"aio-icon circle \" data-animation=\"fadeInUp\" data-animation-delay=\"03\" style=\"color:#ffffff;background:__USE_THEME_MAIN_COLOR__;font-size:12px;\">\n\t<i class=\"Defaults-twitter\"><\/i>\n<\/div><\/a><\/div><\/div><div class=\"ult-just-icon-wrapper align-icon-left \"><div class=\"align-icon\" style=\"text-align:left;\">\n<a class=\"aio-tooltip 6a0822459982e\" href=\"#\"  data-toggle=\"tooltip\" data-placement=\"\"><div class=\"aio-icon circle \" data-animation=\"fadeInUp\" data-animation-delay=\"03\" style=\"color:#ffffff;background:__USE_THEME_MAIN_COLOR__;font-size:12px;\">\n\t<i class=\"Defaults-facebook facebook-f\"><\/i>\n<\/div><\/a><\/div><\/div>[\/vc_column][\/vc_row]<\/p>\n","protected":false},"excerpt":{"rendered":"<p>[vc_row bg_type=&#8221;bg_color&#8221; bg_override=&#8221;ex-full&#8221; css=&#8221;.vc_custom_1492114420041{padding-top: 100px !important;padding-bottom: 100px !important;}&#8221; bg_color_value=&#8221;#ffffff&#8221;][vc_column width=&#8221;1\/2&#8243;][vc_single_image image=&#8221;12289&#8243; img_size=&#8221;full&#8221; css_animation=&#8221;fadeInUp&#8221;][vc_column_text]Aspecto da face externa da segunda linha de muralha.[\/vc_column_text][\/vc_column][vc_column width=&#8221;1\/2&#8243;][vc_custom_heading text=&#8221;O Castro do Cabe\u00e7o da Argemela&#8221; use_theme_fonts=&#8221;yes&#8221;][vc_custom_heading text=&#8221;Jo\u00e3o Nuno Marques, Sara Almeida, Eduardo Porf\u00edrio e Raquel Vila\u00e7a&#8221; font_container=&#8221;tag:h5|text_align:left&#8221; use_theme_fonts=&#8221;yes&#8221; el_class=&#8221;no-letter-spacing&#8221;][vc_empty_space height=&#8221;30px&#8221;][vc_column_text]O Cabe\u00e7o da Argemela ocupa uma eleva\u00e7\u00e3o destacada na Serra do Gomes, formada [&hellip;]<\/p>\n","protected":false},"author":1,"featured_media":0,"parent":0,"menu_order":0,"comment_status":"closed","ping_status":"closed","template":"one-page-template.php","meta":[],"_links":{"self":[{"href":"https:\/\/www.argemela.pt\/portal\/wp-json\/wp\/v2\/pages\/12286"}],"collection":[{"href":"https:\/\/www.argemela.pt\/portal\/wp-json\/wp\/v2\/pages"}],"about":[{"href":"https:\/\/www.argemela.pt\/portal\/wp-json\/wp\/v2\/types\/page"}],"author":[{"embeddable":true,"href":"https:\/\/www.argemela.pt\/portal\/wp-json\/wp\/v2\/users\/1"}],"replies":[{"embeddable":true,"href":"https:\/\/www.argemela.pt\/portal\/wp-json\/wp\/v2\/comments?post=12286"}],"version-history":[{"count":4,"href":"https:\/\/www.argemela.pt\/portal\/wp-json\/wp\/v2\/pages\/12286\/revisions"}],"predecessor-version":[{"id":12292,"href":"https:\/\/www.argemela.pt\/portal\/wp-json\/wp\/v2\/pages\/12286\/revisions\/12292"}],"wp:attachment":[{"href":"https:\/\/www.argemela.pt\/portal\/wp-json\/wp\/v2\/media?parent=12286"}],"curies":[{"name":"wp","href":"https:\/\/api.w.org\/{rel}","templated":true}]}}