{"id":12297,"date":"2021-06-10T22:22:04","date_gmt":"2021-06-10T22:22:04","guid":{"rendered":"https:\/\/www.argemela.pt\/portal\/?page_id=12297"},"modified":"2021-06-10T22:31:36","modified_gmt":"2021-06-10T22:31:36","slug":"mineralogia","status":"publish","type":"page","link":"https:\/\/www.argemela.pt\/portal\/mineralogia\/","title":{"rendered":"Mineralogia"},"content":{"rendered":"<p>[vc_row bg_type=&#8221;bg_color&#8221; bg_override=&#8221;ex-full&#8221; css=&#8221;.vc_custom_1492114420041{padding-top: 100px !important;padding-bottom: 100px !important;}&#8221; bg_color_value=&#8221;#ffffff&#8221;][vc_column width=&#8221;1\/2&#8243;][vc_single_image image=&#8221;12300&#8243; img_size=&#8221;full&#8221; css_animation=&#8221;fadeInUp&#8221;][\/vc_column][vc_column width=&#8221;1\/2&#8243;][vc_custom_heading text=&#8221;Montebrasite: &#8221; use_theme_fonts=&#8221;yes&#8221;][vc_custom_heading text=&#8221;O mineral mais recente da Argemela&#8221; font_container=&#8221;tag:h4|text_align:left&#8221; use_theme_fonts=&#8221;yes&#8221; el_class=&#8221;no-letter-spacing&#8221;][vc_empty_space height=&#8221;30px&#8221;][vc_column_text]A Argemela localiza-se a 10Km a poente do Fund\u00e3o e a 12Km a Este das Minas da Panasqueira.<\/p>\n<p>O Dep\u00f3sito mineral da Argemela engloba um denso sistema de fil\u00f5es de quartzo subvertical, encaixados nos xistos da forma\u00e7\u00e3o do Grupo das Beiras, pertencente ao Complexo Xisto-Grauv\u00e1quico, na Zona Centro-Ib\u00e9rica. Encontram-se mineralizados em estanho (Sn) e L\u00edtio (Li).<\/p>\n<p>O campo hidrotermal da Argemela extende-se por uma \u00e1rea de 500 metros de comprimento (alinhado segundo a dire\u00e7\u00e3o SW-NE) e 300 metros de largura e faz parte do alinhamento G\u00f3is \u2013 W (Sn), Panasqueira \u2013 W (Sn, Cu), Argemela -Sn, Li, Mata da Rainha &#8211; W, e Segura &#8211; W, Sn, Li, Pb, Zn (Ba), da prov\u00edncia metalogen\u00e9tica tungst\u00e9nio-estan\u00edfera do Noroeste da Pen\u00ednsula Ib\u00e9rica.<\/p>\n<p>Para mais informa\u00e7\u00f5es, visite-nos&#8230;[\/vc_column_text][vc_empty_space height=&#8221;10px&#8221;][\/vc_column][\/vc_row]<\/p>\n","protected":false},"excerpt":{"rendered":"<p>[vc_row bg_type=&#8221;bg_color&#8221; bg_override=&#8221;ex-full&#8221; css=&#8221;.vc_custom_1492114420041{padding-top: 100px !important;padding-bottom: 100px !important;}&#8221; bg_color_value=&#8221;#ffffff&#8221;][vc_column width=&#8221;1\/2&#8243;][vc_single_image image=&#8221;12300&#8243; img_size=&#8221;full&#8221; css_animation=&#8221;fadeInUp&#8221;][\/vc_column][vc_column width=&#8221;1\/2&#8243;][vc_custom_heading text=&#8221;Montebrasite: &#8221; use_theme_fonts=&#8221;yes&#8221;][vc_custom_heading text=&#8221;O mineral mais recente da Argemela&#8221; font_container=&#8221;tag:h4|text_align:left&#8221; use_theme_fonts=&#8221;yes&#8221; el_class=&#8221;no-letter-spacing&#8221;][vc_empty_space height=&#8221;30px&#8221;][vc_column_text]A Argemela localiza-se a 10Km a poente do Fund\u00e3o e a 12Km a Este das Minas da Panasqueira. O Dep\u00f3sito mineral da Argemela engloba um denso sistema de fil\u00f5es [&hellip;]<\/p>\n","protected":false},"author":1,"featured_media":0,"parent":0,"menu_order":0,"comment_status":"closed","ping_status":"closed","template":"one-page-template.php","meta":[],"_links":{"self":[{"href":"https:\/\/www.argemela.pt\/portal\/wp-json\/wp\/v2\/pages\/12297"}],"collection":[{"href":"https:\/\/www.argemela.pt\/portal\/wp-json\/wp\/v2\/pages"}],"about":[{"href":"https:\/\/www.argemela.pt\/portal\/wp-json\/wp\/v2\/types\/page"}],"author":[{"embeddable":true,"href":"https:\/\/www.argemela.pt\/portal\/wp-json\/wp\/v2\/users\/1"}],"replies":[{"embeddable":true,"href":"https:\/\/www.argemela.pt\/portal\/wp-json\/wp\/v2\/comments?post=12297"}],"version-history":[{"count":2,"href":"https:\/\/www.argemela.pt\/portal\/wp-json\/wp\/v2\/pages\/12297\/revisions"}],"predecessor-version":[{"id":12301,"href":"https:\/\/www.argemela.pt\/portal\/wp-json\/wp\/v2\/pages\/12297\/revisions\/12301"}],"wp:attachment":[{"href":"https:\/\/www.argemela.pt\/portal\/wp-json\/wp\/v2\/media?parent=12297"}],"curies":[{"name":"wp","href":"https:\/\/api.w.org\/{rel}","templated":true}]}}