{"id":12307,"date":"2021-06-25T16:05:16","date_gmt":"2021-06-25T16:05:16","guid":{"rendered":"https:\/\/www.argemela.pt\/portal\/?page_id=12307"},"modified":"2021-06-25T16:16:14","modified_gmt":"2021-06-25T16:16:14","slug":"o-quilo-e-o-salto-e-pilha","status":"publish","type":"page","link":"https:\/\/www.argemela.pt\/portal\/o-quilo-e-o-salto-e-pilha\/","title":{"rendered":"O Quilo e o Salto e Pilha"},"content":{"rendered":"<p>[vc_row bg_type=&#8221;bg_color&#8221; bg_override=&#8221;ex-full&#8221; css=&#8221;.vc_custom_1492114420041{padding-top: 100px !important;padding-bottom: 100px !important;}&#8221; bg_color_value=&#8221;#ffffff&#8221;][vc_column width=&#8221;1\/2&#8243;][vc_single_image image=&#8221;12311&#8243; img_size=&#8221;full&#8221; css_animation=&#8221;fadeInUp&#8221;][\/vc_column][vc_column width=&#8221;1\/2&#8243;]<div class=\"ult-spacer spacer-6a08254de2df1\" data-id=\"6a08254de2df1\" data-height=\"\" data-height-mobile=\"40\" data-height-tab=\"\" data-height-tab-portrait=\"\" data-height-mobile-landscape=\"40\" style=\"clear:both;display:block;\"><\/div>[vc_custom_heading text=&#8221;As &#8220;Corridas ao Volfr\u00e2mio&#8220; no Portugal do S\u00e9c. XX&#8221; use_theme_fonts=&#8221;yes&#8221;][vc_empty_space height=&#8221;30px&#8221;][vc_column_text]As designa\u00e7\u00f5es volfr\u00e2mio e tungst\u00e9nio representam um metal cuja utilidade econ\u00f3mica s\u00f3 foi descoberta durante a segunda metade do s\u00e9culo XIX. Em Portugal continental, os seus mais importantes min\u00e9rios \u2014 volframite e scheelite \u2014 come\u00e7aram a ser formalmente explorados em 1871. Durante o s\u00e9culo XX, o nosso pa\u00eds manteve-se como o sexto maior produtor mundial de min\u00e9rios de volfr\u00e2mio (a seguir \u00e0 China, \u00e0 URSS e aos EUA, \u00e0 Coreia e \u00e0 Birm\u00e2nia), tendo-se destacado concess\u00f5es \u2014 minas e coutos mineiros \u2014 como as Minas da Panasqueira e as Minas da Borralha. Muitas vezes, os jazigos de min\u00e9rios de tungst\u00e9nio surgem em conjunto com jazigos de cassiterite (min\u00e9rio de estanho).[\/vc_column_text][vc_empty_space height=&#8221;60px&#8221;][vc_empty_space height=&#8221;10px&#8221;]<div class=\"ult-just-icon-wrapper align-icon-left \"><div class=\"align-icon\" style=\"text-align:left;\">\n<a class=\"aio-tooltip 6a08254de308b\" href=\"#\"  data-toggle=\"tooltip\" data-placement=\"\"><div class=\"aio-icon circle \" data-animation=\"fadeInUp\" data-animation-delay=\"03\" style=\"color:#ffffff;background:__USE_THEME_MAIN_COLOR__;font-size:12px;\">\n\t<i class=\"Defaults-twitter\"><\/i>\n<\/div><\/a><\/div><\/div><div class=\"ult-just-icon-wrapper align-icon-left \"><div class=\"align-icon\" style=\"text-align:left;\">\n<a class=\"aio-tooltip 6a08254de312e\" href=\"#\"  data-toggle=\"tooltip\" data-placement=\"\"><div class=\"aio-icon circle \" data-animation=\"fadeInUp\" data-animation-delay=\"03\" style=\"color:#ffffff;background:__USE_THEME_MAIN_COLOR__;font-size:12px;\">\n\t<i class=\"Defaults-facebook facebook-f\"><\/i>\n<\/div><\/a><\/div><\/div><div class=\"ult-just-icon-wrapper align-icon-left \"><div class=\"align-icon\" style=\"text-align:left;\">\n<a class=\"aio-tooltip 6a08254de3188\" href=\"#\"  data-toggle=\"tooltip\" data-placement=\"\"><div class=\"aio-icon circle \" data-animation=\"fadeInUp\" data-animation-delay=\"03\" style=\"color:#ffffff;background:__USE_THEME_MAIN_COLOR__;font-size:12px;\">\n\t<i class=\"Defaults-linkedin\"><\/i>\n<\/div><\/a><\/div><\/div>[\/vc_column][\/vc_row]<\/p>\n","protected":false},"excerpt":{"rendered":"<p>[vc_row bg_type=&#8221;bg_color&#8221; bg_override=&#8221;ex-full&#8221; css=&#8221;.vc_custom_1492114420041{padding-top: 100px !important;padding-bottom: 100px !important;}&#8221; bg_color_value=&#8221;#ffffff&#8221;][vc_column width=&#8221;1\/2&#8243;][vc_single_image image=&#8221;12311&#8243; img_size=&#8221;full&#8221; css_animation=&#8221;fadeInUp&#8221;][\/vc_column][vc_column width=&#8221;1\/2&#8243;][vc_custom_heading text=&#8221;As &#8220;Corridas ao Volfr\u00e2mio&#8220; no Portugal do S\u00e9c. XX&#8221; use_theme_fonts=&#8221;yes&#8221;][vc_empty_space height=&#8221;30px&#8221;][vc_column_text]As designa\u00e7\u00f5es volfr\u00e2mio e tungst\u00e9nio representam um metal cuja utilidade econ\u00f3mica s\u00f3 foi descoberta durante a segunda metade do s\u00e9culo XIX. Em Portugal continental, os seus mais importantes min\u00e9rios \u2014 volframite [&hellip;]<\/p>\n","protected":false},"author":1,"featured_media":0,"parent":0,"menu_order":0,"comment_status":"closed","ping_status":"closed","template":"one-page-template.php","meta":[],"_links":{"self":[{"href":"https:\/\/www.argemela.pt\/portal\/wp-json\/wp\/v2\/pages\/12307"}],"collection":[{"href":"https:\/\/www.argemela.pt\/portal\/wp-json\/wp\/v2\/pages"}],"about":[{"href":"https:\/\/www.argemela.pt\/portal\/wp-json\/wp\/v2\/types\/page"}],"author":[{"embeddable":true,"href":"https:\/\/www.argemela.pt\/portal\/wp-json\/wp\/v2\/users\/1"}],"replies":[{"embeddable":true,"href":"https:\/\/www.argemela.pt\/portal\/wp-json\/wp\/v2\/comments?post=12307"}],"version-history":[{"count":6,"href":"https:\/\/www.argemela.pt\/portal\/wp-json\/wp\/v2\/pages\/12307\/revisions"}],"predecessor-version":[{"id":12314,"href":"https:\/\/www.argemela.pt\/portal\/wp-json\/wp\/v2\/pages\/12307\/revisions\/12314"}],"wp:attachment":[{"href":"https:\/\/www.argemela.pt\/portal\/wp-json\/wp\/v2\/media?parent=12307"}],"curies":[{"name":"wp","href":"https:\/\/api.w.org\/{rel}","templated":true}]}}