{"id":12336,"date":"2021-10-09T17:26:54","date_gmt":"2021-10-09T17:26:54","guid":{"rendered":"https:\/\/www.argemela.pt\/portal\/?page_id=12336"},"modified":"2021-10-23T17:23:42","modified_gmt":"2021-10-23T17:23:42","slug":"a-guerra-do-litio","status":"publish","type":"page","link":"https:\/\/www.argemela.pt\/portal\/a-guerra-do-litio\/","title":{"rendered":"A Guerra do L\u00edtio"},"content":{"rendered":"<p>[vc_row bg_type=&#8221;bg_color&#8221; bg_override=&#8221;ex-full&#8221; css=&#8221;.vc_custom_1492114420041{padding-top: 100px !important;padding-bottom: 100px !important;}&#8221; bg_color_value=&#8221;#ffffff&#8221;][vc_column width=&#8221;1\/2&#8243;][vc_single_image image=&#8221;12338&#8243; img_size=&#8221;full&#8221; onclick=&#8221;img_link_large&#8221; css_animation=&#8221;fadeInUp&#8221;][vc_single_image image=&#8221;12341&#8243; img_size=&#8221;full&#8221; onclick=&#8221;img_link_large&#8221; css_animation=&#8221;fadeInUp&#8221;][vc_empty_space height=&#8221;30px&#8221;][\/vc_column][vc_column width=&#8221;1\/2&#8243;][vc_custom_heading text=&#8221;A luta continua&#8230;&#8221; use_theme_fonts=&#8221;yes&#8221;][vc_column_text]&#8221;Desde 2017 at\u00e9 ao presente, a popula\u00e7\u00e3o do Barco mant\u00e9m-se irredut\u00edvel no N\u00c3O que, logo em 2017, proferiu em un\u00edssono. Embora a explora\u00e7\u00e3o mineira tenha feito parte do passado da Serra da Argemela e da hist\u00f3ria das gentes, a implementa\u00e7\u00e3o de uma mina a c\u00e9u aberto representa hoje para os barquenses a abertura de uma ferida profunda e insan\u00e1vel na sua identidade, da qual a Serra \u00e9 parte indissoci\u00e1vel.<\/p>\n<p>Pela protec\u00e7\u00e3o do seu Patrim\u00f3nio e quatro anos volvidos de uma luta pioneira em Portugal no \u00e2mbito da \u201cguerra do l\u00edtio\u201d, o povo tem e ter\u00e1 uma s\u00f3 certeza: a Argemela \u00e9 nossa \u2013 e h\u00e1-de ser!&#8221;<\/p>\n<p>Entretanto, a guerra continua face \u00e0s investidas recentes criadas pela aprova\u00e7\u00e3o do PRR, do lan\u00e7amento do concurso p\u00fablico para aprova\u00e7\u00e3o do aprova\u00e7\u00e3o do direito de prospe\u00e7\u00e3o e pesquisa do l\u00edtio (Despacho 1522\/2021, do SEAE), entrada em vigor do D.L. 30\/2021, que regulamenta a Lei dos Recursos Minerais, e a entrada em consulta p\u00fablica (28\/09\/2021) do Relat\u00f3rio e do Plano Nacional do L\u00edtio.<\/p>\n<p>A popula\u00e7\u00e3o do Barco volta aos protestos e em 10\/10\/2021, organizou, no Largo da Fontinha, uma marcha contra a explora\u00e7\u00e3o mineira na Argemela.[\/vc_column_text][vc_empty_space height=&#8221;30px&#8221;][vc_empty_space height=&#8221;30px&#8221;][vc_empty_space height=&#8221;60px&#8221;][vc_empty_space height=&#8221;10px&#8221;]<div class=\"ult-just-icon-wrapper align-icon-left \"><div class=\"align-icon\" style=\"text-align:left;\">\n<a class=\"aio-tooltip 6a08243ee7a8c\" href=\"#\"  data-toggle=\"tooltip\" data-placement=\"\"><div class=\"aio-icon circle \" data-animation=\"fadeInUp\" data-animation-delay=\"03\" style=\"color:#ffffff;background:__USE_THEME_MAIN_COLOR__;font-size:12px;\">\n\t<i class=\"Defaults-twitter\"><\/i>\n<\/div><\/a><\/div><\/div><div class=\"ult-just-icon-wrapper align-icon-left \"><div class=\"align-icon\" style=\"text-align:left;\">\n<a class=\"aio-tooltip 6a08243ee7afe\" href=\"#\"  data-toggle=\"tooltip\" data-placement=\"\"><div class=\"aio-icon circle \" data-animation=\"fadeInUp\" data-animation-delay=\"03\" style=\"color:#ffffff;background:__USE_THEME_MAIN_COLOR__;font-size:12px;\">\n\t<i class=\"Defaults-facebook facebook-f\"><\/i>\n<\/div><\/a><\/div><\/div><div class=\"ult-just-icon-wrapper align-icon-left \"><div class=\"align-icon\" style=\"text-align:left;\">\n<a class=\"aio-tooltip 6a08243ee7b26\" href=\"#\"  data-toggle=\"tooltip\" data-placement=\"\"><div class=\"aio-icon circle \" data-animation=\"fadeInUp\" data-animation-delay=\"03\" style=\"color:#ffffff;background:__USE_THEME_MAIN_COLOR__;font-size:12px;\">\n\t<i class=\"Defaults-linkedin\"><\/i>\n<\/div><\/a><\/div><\/div>[\/vc_column][\/vc_row]<\/p>\n","protected":false},"excerpt":{"rendered":"<p>[vc_row bg_type=&#8221;bg_color&#8221; bg_override=&#8221;ex-full&#8221; css=&#8221;.vc_custom_1492114420041{padding-top: 100px !important;padding-bottom: 100px !important;}&#8221; bg_color_value=&#8221;#ffffff&#8221;][vc_column width=&#8221;1\/2&#8243;][vc_single_image image=&#8221;12338&#8243; img_size=&#8221;full&#8221; onclick=&#8221;img_link_large&#8221; css_animation=&#8221;fadeInUp&#8221;][vc_single_image image=&#8221;12341&#8243; img_size=&#8221;full&#8221; onclick=&#8221;img_link_large&#8221; css_animation=&#8221;fadeInUp&#8221;][vc_empty_space height=&#8221;30px&#8221;][\/vc_column][vc_column width=&#8221;1\/2&#8243;][vc_custom_heading text=&#8221;A luta continua&#8230;&#8221; use_theme_fonts=&#8221;yes&#8221;][vc_column_text]&#8221;Desde 2017 at\u00e9 ao presente, a popula\u00e7\u00e3o do Barco mant\u00e9m-se irredut\u00edvel no N\u00c3O que, logo em 2017, proferiu em un\u00edssono. Embora a explora\u00e7\u00e3o mineira tenha feito parte do passado da Serra da [&hellip;]<\/p>\n","protected":false},"author":1,"featured_media":0,"parent":0,"menu_order":0,"comment_status":"closed","ping_status":"closed","template":"one-page-template.php","meta":[],"_links":{"self":[{"href":"https:\/\/www.argemela.pt\/portal\/wp-json\/wp\/v2\/pages\/12336"}],"collection":[{"href":"https:\/\/www.argemela.pt\/portal\/wp-json\/wp\/v2\/pages"}],"about":[{"href":"https:\/\/www.argemela.pt\/portal\/wp-json\/wp\/v2\/types\/page"}],"author":[{"embeddable":true,"href":"https:\/\/www.argemela.pt\/portal\/wp-json\/wp\/v2\/users\/1"}],"replies":[{"embeddable":true,"href":"https:\/\/www.argemela.pt\/portal\/wp-json\/wp\/v2\/comments?post=12336"}],"version-history":[{"count":8,"href":"https:\/\/www.argemela.pt\/portal\/wp-json\/wp\/v2\/pages\/12336\/revisions"}],"predecessor-version":[{"id":12370,"href":"https:\/\/www.argemela.pt\/portal\/wp-json\/wp\/v2\/pages\/12336\/revisions\/12370"}],"wp:attachment":[{"href":"https:\/\/www.argemela.pt\/portal\/wp-json\/wp\/v2\/media?parent=12336"}],"curies":[{"name":"wp","href":"https:\/\/api.w.org\/{rel}","templated":true}]}}